{"id":98,"date":"2025-02-16T19:20:05","date_gmt":"2025-02-16T19:20:05","guid":{"rendered":"https:\/\/campingara.eu\/index.php\/cennik\/"},"modified":"2026-03-26T11:27:56","modified_gmt":"2026-03-26T11:27:56","slug":"cennik","status":"publish","type":"page","link":"https:\/\/campingara.eu\/index.php\/cennik\/","title":{"rendered":"Cennik"},"content":{"rendered":"\n    \n    <section class=\"u-clearfix u-image u-shading u-section-2\" id=\"sec-17be\" data-image-width=\"5760\" data-image-height=\"3840\" style=\"background-image: linear-gradient(rgba(0, 0, 0, 0.1), rgba(0, 0, 0, 0.1)), url(&quot;https:\/\/campingara.eu\/wp-content\/uploads\/2025\/02\/banner_11zon.png&quot;);\">\n      <div class=\"data-layout-selected u-clearfix u-expanded-width-xs u-layout-wrap u-layout-wrap-1\">\n        <div class=\"u-layout\">\n          <div class=\"u-layout-row\">\n            <div class=\"u-container-style u-layout-cell u-size-60 u-layout-cell-1\">\n              <div class=\"u-container-layout u-valign-middle u-container-layout-1\">\n                <h1 class=\"u-text u-text-default u-text-1\"><i><\/i>Atrakcyjne ceny, wyj\u0105tkowe wakacje! \n                <\/h1>\n                <a href=\"#popup-8be6\" class=\"u-border-none u-btn u-button-style u-dialog-link u-palette-2-base u-btn-1\"><span class=\"u-file-icon u-icon u-text-white u-icon-1\"><img decoding=\"async\" src=\"https:\/\/campingara.eu\/wp-content\/uploads\/2025\/02\/c5d90d28.png\" alt=\"\"><\/span>&nbsp;Zarezerwuj pobyt \n                <\/a>\n              <\/div>\n            <\/div>\n          <\/div>\n        <\/div>\n      <\/div><span class=\"u-file-icon u-flip-horizontal u-flip-vertical u-hidden-sm u-hidden-xs u-icon u-text-custom-color-1 u-icon-2\" data-href=\"https:\/\/campingara.eu\/index.php\/cennik\/#sec-f162\"><img decoding=\"async\" src=\"https:\/\/campingara.eu\/wp-content\/uploads\/2025\/02\/0ff30e89.png\" alt=\"\"><\/span>\n      <img decoding=\"async\" class=\"u-image u-image-contain u-image-default u-image-1\" src=\"https:\/\/campingara.eu\/wp-content\/uploads\/2025\/02\/eQbWUq0FDw6Nxa0IHzVQJs7S9wjVps7hfEq6V2IOZQZLGV0xuCbxYo5wz7VEavT1d8Wun0bG7yzD3m7wEQXq8LLeGwxiJ1nHMGi3fvax4WEAxvSDTtU2Dlw.jpeg\" alt=\"\" data-image-width=\"5244\" data-image-height=\"3240\">\n    <\/section>\n    <section class=\"u-align-center u-clearfix u-container-align-center u-section-3\" id=\"block-3\">\n      <h2 class=\"u-text u-text-default u-text-palette-2-base u-text-1\">Cennik 2026<\/h2>\n      <p class=\"u-text u-text-2\"><b>CAMPING&nbsp;\n\"ARA\" \u2013 CENNIK (OP\u0141ATA ZA 1 DOB\u0118 ZA 1 OSOB\u0118 W Z\u0141)<\/b>\n      <\/p>\n      <div class=\"custom-expanded u-table u-table-responsive u-table-1\">\n        <table class=\"u-table-entity u-table-entity-1\">\n          <colgroup>\n            <col width=\"50.4%\">\n            <col width=\"49.6%\">\n          <\/colgroup>\n          <thead class=\"u-align-center u-grey-15 u-table-header u-table-header-1\">\n            <tr style=\"height: 21px;\">\n              <th class=\"u-border-1 u-border-grey-25 u-palette-2-base u-table-cell u-table-cell-1\"><b>SEZON\nNISKI<br>(30.04 - 26.06 oraz 01.09 - 15.09)<\/b>\n              <\/th>\n              <th class=\"u-border-1 u-border-grey-25 u-palette-2-base u-table-cell u-table-cell-2\"><b>SEZON WYSOKI<br>(27.06 - 31.08)<\/b>\n              <\/th>\n            <\/tr>\n          <\/thead>\n          <tbody class=\"u-align-center u-table-body u-table-body-1\">\n            <tr style=\"height: 75px;\">\n              <td class=\"u-border-1 u-border-grey-25 u-table-cell\"><b>14 dni\n= 16 dni (2 dni pobytu GRATIS)<\/b>\n              <\/td>\n              <td class=\"u-border-1 u-border-grey-25 u-table-cell\"><b>14 dni\n= 15 dni (1 dzie\u0144 pobytu GRATIS)&nbsp;<\/b>\n              <\/td>\n            <\/tr>\n            <tr style=\"height: 76px;\">\n              <td class=\"u-border-1 u-border-grey-25 u-table-cell\"><b>21 dni\n= 24 dni (3 dni pobytu GRATIS)<\/b>\n              <\/td>\n              <td class=\"u-border-1 u-border-grey-25 u-table-cell\"><b>21 dni\n= 23 dni (2 dni pobytu GRATIS)&nbsp;<\/b>\n              <\/td>\n            <\/tr>\n          <\/tbody>\n        <\/table>\n      <\/div>\n    <\/section>\n    <section class=\"u-align-center u-clearfix u-container-align-center u-valign-top-lg u-valign-top-md u-valign-top-sm u-valign-top-xl u-section-4\" id=\"sec-1e21\">\n      <div class=\"custom-expanded u-table u-table-responsive u-table-1\">\n        <table class=\"u-table-entity u-table-entity-1\">\n          <colgroup>\n            <col width=\"50.5%\">\n            <col width=\"49.5%\">\n          <\/colgroup>\n          <thead class=\"u-align-center u-grey-15 u-table-header u-table-header-1\">\n            <tr style=\"height: 56px;\">\n              <th class=\"u-border-1 u-border-grey-25 u-palette-2-base u-table-cell u-table-cell-1\"><b><\/b><b>STALI\nKLIENCI<br>ADAC, DCC, ECC, ACSI, CCI, CKE<\/b>\n              <\/th>\n              <th class=\"u-border-1 u-border-grey-25 u-palette-2-base u-table-cell u-table-cell-2\"><b><\/b><b>STALI\nKLIENCI<br>ADAC, DCC, ECC, ACSI, CCI, CKE<\/b>\n              <\/th>\n            <\/tr>\n          <\/thead>\n          <tbody class=\"u-align-center u-table-body u-table-body-1\">\n            <tr style=\"height: 80px;\">\n              <td class=\"u-border-1 u-border-grey-25 u-table-cell u-table-cell-3\"> - 10% rabatu na pobyt os\u00f3b<\/td>\n              <td class=\"u-border-1 u-border-grey-25 u-table-cell u-table-cell-4\"> - 5% rabatu na pobyt os\u00f3b<\/td>\n            <\/tr>\n          <\/tbody>\n        <\/table>\n      <\/div>\n    <\/section>\n    <section class=\"u-align-center u-clearfix u-container-align-center u-section-5\" id=\"block-2\">\n      <div class=\"u-clearfix u-sheet u-valign-top u-sheet-1\">\n        <p class=\"u-align-left u-text u-text-1\">Promocje i rabaty nie \u0142\u0105cz\u0105 si\u0119.<\/p>\n        <div class=\"custom-expanded u-table u-table-responsive u-table-1\">\n          <table class=\"u-table-entity u-table-entity-1\">\n            <colgroup>\n              <col width=\"33%\">\n              <col width=\"33%\">\n              <col width=\"34%\">\n            <\/colgroup>\n            <thead class=\"u-align-center u-grey-15 u-table-header u-table-header-1\">\n              <tr style=\"height: 53px;\">\n                <th class=\"u-border-1 u-border-grey-25 u-palette-2-base u-table-cell u-table-cell-1\"><\/th>\n                <th class=\"u-border-1 u-border-grey-25 u-palette-2-base u-table-cell u-table-cell-2\"><b>SEZON\nNISKI<\/b>\n                  <br><b>(30.04 - 26.06 oraz<br>01.09 - 15.09)<\/b>\n                <\/th>\n                <th class=\"u-border-1 u-border-grey-25 u-palette-2-base u-table-cell u-table-cell-3\"><b>SEZON\nWYSOKI<\/b>\n                  <br><b>(27.06\n- 31.08)<\/b>\n                <\/th>\n              <\/tr>\n            <\/thead>\n            <tbody class=\"u-align-center u-table-body u-table-body-1\">\n              <tr style=\"height: 75px;\">\n                <td class=\"u-border-1 u-border-grey-25 u-table-cell\"><b>Dziecko\ndo 3 lat<\/b>\n                <\/td>\n                <td class=\"u-border-1 u-border-grey-25 u-table-cell u-table-cell-5\">GRATIS <\/td>\n                <td class=\"u-border-1 u-border-grey-25 u-table-cell u-table-cell-6\"><span style=\"font-weight: 700;\">GRATIS<\/span>\n                <\/td>\n              <\/tr>\n              <tr style=\"height: 76px;\">\n                <td class=\"u-border-1 u-border-grey-25 u-table-cell\"><b>Dziecko\ndo 10 lat<\/b>\n                <\/td>\n                <td class=\"u-border-1 u-border-grey-25 u-table-cell u-table-cell-8\">18 z\u0142<\/td>\n                <td class=\"u-border-1 u-border-grey-25 u-table-cell u-table-cell-9\">21 z\u0142<\/td>\n              <\/tr>\n              <tr style=\"height: 76px;\">\n                <td class=\"u-border-1 u-border-grey-25 u-table-cell u-table-cell-10\">Osoba doros\u0142a i m\u0142odzie\u017c<\/td>\n                <td class=\"u-border-1 u-border-grey-25 u-table-cell u-table-cell-11\">24 z\u0142<\/td>\n                <td class=\"u-border-1 u-border-grey-25 u-table-cell u-table-cell-12\">27 z\u0142<\/td>\n              <\/tr>\n              <tr style=\"height: 76px;\">\n                <td class=\"u-border-1 u-border-grey-25 u-table-cell u-table-cell-13\">Samoch\u00f3d osobowy<\/td>\n                <td class=\"u-border-1 u-border-grey-25 u-table-cell u-table-cell-14\">18 z\u0142<\/td>\n                <td class=\"u-border-1 u-border-grey-25 u-table-cell u-table-cell-15\">21 z\u0142 <\/td>\n              <\/tr>\n              <tr style=\"height: 76px;\">\n                <td class=\"u-border-1 u-border-grey-25 u-table-cell u-table-cell-16\">Samoch\u00f3d dostawczy \/ Van \/ Bus<\/td>\n                <td class=\"u-border-1 u-border-grey-25 u-table-cell u-table-cell-17\">30 z\u0142<\/td>\n                <td class=\"u-border-1 u-border-grey-25 u-table-cell u-table-cell-18\">36 z\u0142<\/td>\n              <\/tr>\n              <tr style=\"height: 76px;\">\n                <td class=\"u-border-1 u-border-grey-25 u-table-cell u-table-cell-19\">Zamieszka\u0142y samoch\u00f3d \/ Van \/ Bus<\/td>\n                <td class=\"u-border-1 u-border-grey-25 u-table-cell u-table-cell-20\">50 z\u0142<\/td>\n                <td class=\"u-border-1 u-border-grey-25 u-table-cell u-table-cell-21\">55 z\u0142<\/td>\n              <\/tr>\n              <tr style=\"height: 76px;\">\n                <td class=\"u-border-1 u-border-grey-25 u-table-cell u-table-cell-22\">Motocykl<\/td>\n                <td class=\"u-border-1 u-border-grey-25 u-table-cell u-table-cell-23\">18 z\u0142<\/td>\n                <td class=\"u-border-1 u-border-grey-25 u-table-cell u-table-cell-24\">21 z\u0142<br>\n                <\/td>\n              <\/tr>\n              <tr style=\"height: 76px;\">\n                <td class=\"u-border-1 u-border-grey-25 u-table-cell u-table-cell-25\">Przyczepka<\/td>\n                <td class=\"u-border-1 u-border-grey-25 u-table-cell u-table-cell-26\">25 z\u0142<\/td>\n                <td class=\"u-border-1 u-border-grey-25 u-table-cell u-table-cell-27\">30 z\u0142<\/td>\n              <\/tr>\n              <tr style=\"height: 76px;\">\n                <td class=\"u-border-1 u-border-grey-25 u-table-cell u-table-cell-28\">Camper ma\u0142y (do 5 metr\u00f3w)<\/td>\n                <td class=\"u-border-1 u-border-grey-25 u-table-cell u-table-cell-29\">36 z\u0142<\/td>\n                <td class=\"u-border-1 u-border-grey-25 u-table-cell u-table-cell-30\">46 z\u0142<\/td>\n              <\/tr>\n              <tr style=\"height: 76px;\">\n                <td class=\"u-border-1 u-border-grey-25 u-table-cell u-table-cell-31\">Camper \u015bredni (od 5 do 8 metr\u00f3w)<\/td>\n                <td class=\"u-border-1 u-border-grey-25 u-table-cell u-table-cell-32\">39 z\u0142<\/td>\n                <td class=\"u-border-1 u-border-grey-25 u-table-cell u-table-cell-33\">51 z\u0142<\/td>\n              <\/tr>\n              <tr style=\"height: 76px;\">\n                <td class=\"u-border-1 u-border-grey-25 u-table-cell u-table-cell-34\">Camper du\u017cy (powy\u017cej 8 metr\u00f3w)<\/td>\n                <td class=\"u-border-1 u-border-grey-25 u-table-cell u-table-cell-35\">48 z\u0142<\/td>\n                <td class=\"u-border-1 u-border-grey-25 u-table-cell u-table-cell-36\">60 z\u0142<\/td>\n              <\/tr>\n              <tr style=\"height: 76px;\">\n                <td class=\"u-border-1 u-border-grey-25 u-table-cell u-table-cell-37\">Przyczepa ma\u0142a (do 4 metr\u00f3w z hakiem)<\/td>\n                <td class=\"u-border-1 u-border-grey-25 u-table-cell u-table-cell-38\">30 z\u0142<\/td>\n                <td class=\"u-border-1 u-border-grey-25 u-table-cell u-table-cell-39\">36 z\u0142<\/td>\n              <\/tr>\n              <tr style=\"height: 76px;\">\n                <td class=\"u-border-1 u-border-grey-25 u-table-cell u-table-cell-40\">Przyczepa \u015brednia (od 4 do 7 metr\u00f3w z hakiem)<\/td>\n                <td class=\"u-border-1 u-border-grey-25 u-table-cell u-table-cell-41\">35 z\u0142<\/td>\n                <td class=\"u-border-1 u-border-grey-25 u-table-cell u-table-cell-42\">44 z\u0142<\/td>\n              <\/tr>\n              <tr style=\"height: 76px;\">\n                <td class=\"u-border-1 u-border-grey-25 u-table-cell u-table-cell-43\">Przyczepa du\u017ca (powy\u017cej 7 metr\u00f3w z hakiem)<\/td>\n                <td class=\"u-border-1 u-border-grey-25 u-table-cell u-table-cell-44\">43 z\u0142<\/td>\n                <td class=\"u-border-1 u-border-grey-25 u-table-cell u-table-cell-45\">51 z\u0142<\/td>\n              <\/tr>\n              <tr style=\"height: 76px;\">\n                <td class=\"u-border-1 u-border-grey-25 u-table-cell u-table-cell-46\">Namiot ma\u0142y (1-2 osobowy)<\/td>\n                <td class=\"u-border-1 u-border-grey-25 u-table-cell u-table-cell-47\">27 z\u0142<\/td>\n                <td class=\"u-border-1 u-border-grey-25 u-table-cell u-table-cell-48\">33 z\u0142<\/td>\n              <\/tr>\n              <tr style=\"height: 76px;\">\n                <td class=\"u-border-1 u-border-grey-25 u-table-cell u-table-cell-49\">Namiot \u015bredni (3-4 osobowy)<\/td>\n                <td class=\"u-border-1 u-border-grey-25 u-table-cell u-table-cell-50\">31 z\u0142<\/td>\n                <td class=\"u-border-1 u-border-grey-25 u-table-cell u-table-cell-51\">38 z\u0142<\/td>\n              <\/tr>\n              <tr style=\"height: 76px;\">\n                <td class=\"u-border-1 u-border-grey-25 u-table-cell u-table-cell-52\">Namiot du\u017cy (powy\u017cej 4 os\u00f3b)<\/td>\n                <td class=\"u-border-1 u-border-grey-25 u-table-cell u-table-cell-53\">35 z\u0142<\/td>\n                <td class=\"u-border-1 u-border-grey-25 u-table-cell u-table-cell-54\">43 z\u0142<\/td>\n              <\/tr>\n              <tr style=\"height: 76px;\">\n                <td class=\"u-border-1 u-border-grey-25 u-table-cell u-table-cell-55\">Namiot ogrodowy \/ Pawilon<\/td>\n                <td class=\"u-border-1 u-border-grey-25 u-table-cell u-table-cell-56\">25 z\u0142<\/td>\n                <td class=\"u-border-1 u-border-grey-25 u-table-cell u-table-cell-57\">30 z\u0142<\/td>\n              <\/tr>\n              <tr style=\"height: 76px;\">\n                <td class=\"u-border-1 u-border-grey-25 u-table-cell u-table-cell-58\">Pod\u0142\u0105czenie do pr\u0105du<\/td>\n                <td class=\"u-border-1 u-border-grey-25 u-table-cell u-table-cell-59\">30 z\u0142<\/td>\n                <td class=\"u-border-1 u-border-grey-25 u-table-cell u-table-cell-60\">30 z\u0142<\/td>\n              <\/tr>\n              <tr style=\"height: 76px;\">\n                <td class=\"u-border-1 u-border-grey-25 u-table-cell u-table-cell-61\">Pobyt na terenie kempingu os\u00f3b niezameldowanych<\/td>\n                <td class=\"u-border-1 u-border-grey-25 u-table-cell u-table-cell-62\">100 z\u0142<\/td>\n                <td class=\"u-border-1 u-border-grey-25 u-table-cell u-table-cell-63\">100 z\u0142<\/td>\n              <\/tr>\n              <tr style=\"height: 76px;\">\n                <td class=\"u-border-1 u-border-grey-25 u-table-cell u-table-cell-64\">Korzystanie z pralki (1 pranie) <\/td>\n                <td class=\"u-border-1 u-border-grey-25 u-table-cell u-table-cell-65\">40 z\u0142<\/td>\n                <td class=\"u-border-1 u-border-grey-25 u-table-cell u-table-cell-66\">40 z\u0142<\/td>\n              <\/tr>\n              <tr style=\"height: 76px;\">\n                <td class=\"u-border-1 u-border-grey-25 u-table-cell u-table-cell-67\">Zwierz\u0119<\/td>\n                <td class=\"u-border-1 u-border-grey-25 u-table-cell u-table-cell-68\">10 z\u0142<\/td>\n                <td class=\"u-border-1 u-border-grey-25 u-table-cell u-table-cell-69\">15 z\u0142<\/td>\n              <\/tr>\n              <tr style=\"height: 76px;\">\n                <td class=\"u-border-1 u-border-grey-25 u-table-cell u-table-cell-70\">Op\u0142ata miejscowa za dob\u0119 za osob\u0119<\/td>\n                <td class=\"u-border-1 u-border-grey-25 u-table-cell u-table-cell-71\">3,40 z\u0142<\/td>\n                <td class=\"u-border-1 u-border-grey-25 u-table-cell u-table-cell-72\">3,40 z\u0142<\/td>\n              <\/tr>\n            <\/tbody>\n          <\/table>\n        <\/div>\n      <\/div>\n    <\/section>\n    <section class=\"u-align-center u-clearfix u-container-align-center u-section-6\" id=\"sec-5a72\">\n      <div class=\"u-clearfix u-sheet u-sheet-1\">\n        <p class=\"u-align-center u-text u-text-1\">DOMKI LETNISKOWE<\/p>\n        <div class=\"custom-expanded u-table u-table-responsive u-table-1\">\n          <table class=\"u-table-entity u-table-entity-1\">\n            <colgroup>\n              <col width=\"33%\">\n              <col width=\"33%\">\n              <col width=\"34%\">\n            <\/colgroup>\n            <thead class=\"u-align-center u-grey-15 u-table-header u-table-header-1\">\n              <tr style=\"height: 53px;\">\n                <th class=\"u-border-1 u-border-grey-25 u-palette-2-base u-table-cell u-table-cell-1\"> SEZON NISKI<br>(30.04 \u2013 26.06 ORAZ<br>&nbsp;24.08 \u2013 15.09)\n                <\/th>\n                <th class=\"u-border-1 u-border-grey-25 u-palette-2-base u-table-cell u-table-cell-2\"><span style=\"font-weight: 700;\">SEZON \u015aREDNI<\/span>\n                  <br><b>(27.06&nbsp;\u2013 03.07 ORAZ<br>17.08 \u2013 23.08)<\/b>\n                <\/th>\n                <th class=\"u-border-1 u-border-grey-25 u-palette-2-base u-table-cell u-table-cell-3\"><b>SEZON\nWYSOKI<\/b>\n                  <br><b>(04.07\n\u2013 16.08)<\/b>\n                <\/th>\n              <\/tr>\n            <\/thead>\n            <tbody class=\"u-align-center u-table-body u-table-body-1\">\n              <tr style=\"height: 75px;\">\n                <td class=\"u-border-1 u-border-grey-25 u-table-cell\"><b>300 z\u0142<\/b>\n                <\/td>\n                <td class=\"u-border-1 u-border-grey-25 u-table-cell u-table-cell-5\">350 z\u0142<\/td>\n                <td class=\"u-border-1 u-border-grey-25 u-table-cell u-table-cell-6\"><b>420 z\u0142<\/b>\n                <\/td>\n              <\/tr>\n            <\/tbody>\n          <\/table>\n        <\/div>\n        <p class=\"u-align-left u-text u-text-2\"> Maj\u00f3wka i Bo\u017ce Cia\u0142o \u2013 350 z\u0142 \/ doba.<\/p>\n        <p class=\"u-align-left u-text u-text-3\"> Cena zawiera zakwaterowanie os\u00f3b, miejsce parkingowe oraz\nop\u0142at\u0119 za media i sprz\u0105tanie.&nbsp;<br>U nas nie ma \u017bADNYCH dodatkowych i ukrytych koszt\u00f3w.&nbsp;<br>Domek posiada salon z TV, dwie sypialnie, aneks kuchenny\noraz \u0142azienk\u0119 z prysznicem i WC.&nbsp;<br>Aneks kuchenny wyposa\u017cony w lod\u00f3wk\u0119, elektryczny czajnik,\nkuchenk\u0119, talerze, kubki, sztu\u0107ce, patelnie, garnek itp.&nbsp;<br>\n          <br>Kaucja gwarancyjna zwrotna w dniu wyjazdu \u2013 300 z\u0142.<br>Do koszt\u00f3w pobytu doliczana jest p\u0142atna do gminy miejscowa\nop\u0142ata klimatyczna w wysoko\u015bci 3,30 z\u0142 za osob\u0119 za dob\u0119. \n        <\/p>\n      <\/div>\n    <\/section>\n    \n    \n    \n    \n  \n","protected":false},"excerpt":{"rendered":"<p>Atrakcyjne ceny, wyj\u0105tkowe wakacje! &nbsp;Zarezerwuj pobyt Cennik 2026 CAMPING&nbsp; &#8222;ARA&#8221; \u2013 CENNIK (OP\u0141ATA ZA 1 DOB\u0118 ZA 1 OSOB\u0118 W Z\u0141) SEZON NISKI(30.04 &#8211; 26.06 oraz 01.09 &#8211; 15.09) SEZON WYSOKI(27.06 &#8211; 31.08) 14 dni = 16 dni (2 dni pobytu GRATIS) 14 dni = 15 dni (1 dzie\u0144 pobytu GRATIS)&nbsp; 21 dni = 24 &hellip; <a href=\"https:\/\/campingara.eu\/index.php\/cennik\/\" class=\"more-link\">Continue reading<span class=\"screen-reader-text\"> &#8222;Cennik&#8221;<\/span><\/a><\/p>\n","protected":false},"author":1,"featured_media":0,"parent":0,"menu_order":5,"comment_status":"closed","ping_status":"closed","template":"","meta":{"footnotes":""},"class_list":["post-98","page","type-page","status-publish","hentry"],"yoast_head":"<!-- This site is optimized with the Yoast SEO plugin v26.4 - https:\/\/yoast.com\/wordpress\/plugins\/seo\/ -->\n<title>Cennik - Camping Ara<\/title>\n<meta name=\"robots\" content=\"index, follow, max-snippet:-1, max-image-preview:large, max-video-preview:-1\" \/>\n<link rel=\"canonical\" href=\"https:\/\/campingara.eu\/index.php\/cennik\/\" \/>\n<meta property=\"og:locale\" content=\"pl_PL\" \/>\n<meta property=\"og:type\" content=\"article\" \/>\n<meta property=\"og:title\" content=\"Cennik - Camping Ara\" \/>\n<meta property=\"og:description\" content=\"Atrakcyjne ceny, wyj\u0105tkowe wakacje! &nbsp;Zarezerwuj pobyt Cennik 2026 CAMPING&nbsp; &quot;ARA&quot; \u2013 CENNIK (OP\u0141ATA ZA 1 DOB\u0118 ZA 1 OSOB\u0118 W Z\u0141) SEZON NISKI(30.04 - 26.06 oraz 01.09 - 15.09) SEZON WYSOKI(27.06 - 31.08) 14 dni = 16 dni (2 dni pobytu GRATIS) 14 dni = 15 dni (1 dzie\u0144 pobytu GRATIS)&nbsp; 21 dni = 24 &hellip; Continue reading &quot;Cennik&quot;\" \/>\n<meta property=\"og:url\" content=\"https:\/\/campingara.eu\/index.php\/cennik\/\" \/>\n<meta property=\"og:site_name\" content=\"Camping Ara\" \/>\n<meta property=\"article:publisher\" content=\"https:\/\/www.facebook.com\/campingara.eu\/\" \/>\n<meta property=\"article:modified_time\" content=\"2026-03-26T11:27:56+00:00\" \/>\n<meta name=\"twitter:card\" content=\"summary_large_image\" \/>\n<meta name=\"twitter:label1\" content=\"Szacowany czas czytania\" \/>\n\t<meta name=\"twitter:data1\" content=\"2 minuty\" \/>\n<script type=\"application\/ld+json\" class=\"yoast-schema-graph\">{\"@context\":\"https:\/\/schema.org\",\"@graph\":[{\"@type\":\"WebPage\",\"@id\":\"https:\/\/campingara.eu\/index.php\/cennik\/\",\"url\":\"https:\/\/campingara.eu\/index.php\/cennik\/\",\"name\":\"Cennik - Camping Ara\",\"isPartOf\":{\"@id\":\"https:\/\/campingara.eu\/#website\"},\"datePublished\":\"2025-02-16T19:20:05+00:00\",\"dateModified\":\"2026-03-26T11:27:56+00:00\",\"breadcrumb\":{\"@id\":\"https:\/\/campingara.eu\/index.php\/cennik\/#breadcrumb\"},\"inLanguage\":\"pl-PL\",\"potentialAction\":[{\"@type\":\"ReadAction\",\"target\":[\"https:\/\/campingara.eu\/index.php\/cennik\/\"]}]},{\"@type\":\"BreadcrumbList\",\"@id\":\"https:\/\/campingara.eu\/index.php\/cennik\/#breadcrumb\",\"itemListElement\":[{\"@type\":\"ListItem\",\"position\":1,\"name\":\"Strona g\u0142\u00f3wna\",\"item\":\"https:\/\/campingara.eu\/\"},{\"@type\":\"ListItem\",\"position\":2,\"name\":\"Cennik\"}]},{\"@type\":\"WebSite\",\"@id\":\"https:\/\/campingara.eu\/#website\",\"url\":\"https:\/\/campingara.eu\/\",\"name\":\"Camping Ara\",\"description\":\"\",\"publisher\":{\"@id\":\"https:\/\/campingara.eu\/#organization\"},\"potentialAction\":[{\"@type\":\"SearchAction\",\"target\":{\"@type\":\"EntryPoint\",\"urlTemplate\":\"https:\/\/campingara.eu\/?s={search_term_string}\"},\"query-input\":{\"@type\":\"PropertyValueSpecification\",\"valueRequired\":true,\"valueName\":\"search_term_string\"}}],\"inLanguage\":\"pl-PL\"},{\"@type\":\"Organization\",\"@id\":\"https:\/\/campingara.eu\/#organization\",\"name\":\"Camping Ara\",\"url\":\"https:\/\/campingara.eu\/\",\"logo\":{\"@type\":\"ImageObject\",\"inLanguage\":\"pl-PL\",\"@id\":\"https:\/\/campingara.eu\/#\/schema\/logo\/image\/\",\"url\":\"https:\/\/campingara.eu\/wp-content\/uploads\/2025\/02\/logo-9-79-1.png\",\"contentUrl\":\"https:\/\/campingara.eu\/wp-content\/uploads\/2025\/02\/logo-9-79-1.png\",\"width\":120,\"height\":86,\"caption\":\"Camping Ara\"},\"image\":{\"@id\":\"https:\/\/campingara.eu\/#\/schema\/logo\/image\/\"},\"sameAs\":[\"https:\/\/www.facebook.com\/campingara.eu\/\",\"https:\/\/www.instagram.com\/campingara\"]}]}<\/script>\n<!-- \/ Yoast SEO plugin. -->","yoast_head_json":{"title":"Cennik - Camping Ara","robots":{"index":"index","follow":"follow","max-snippet":"max-snippet:-1","max-image-preview":"max-image-preview:large","max-video-preview":"max-video-preview:-1"},"canonical":"https:\/\/campingara.eu\/index.php\/cennik\/","og_locale":"pl_PL","og_type":"article","og_title":"Cennik - Camping Ara","og_description":"Atrakcyjne ceny, wyj\u0105tkowe wakacje! &nbsp;Zarezerwuj pobyt Cennik 2026 CAMPING&nbsp; \"ARA\" \u2013 CENNIK (OP\u0141ATA ZA 1 DOB\u0118 ZA 1 OSOB\u0118 W Z\u0141) SEZON NISKI(30.04 - 26.06 oraz 01.09 - 15.09) SEZON WYSOKI(27.06 - 31.08) 14 dni = 16 dni (2 dni pobytu GRATIS) 14 dni = 15 dni (1 dzie\u0144 pobytu GRATIS)&nbsp; 21 dni = 24 &hellip; Continue reading \"Cennik\"","og_url":"https:\/\/campingara.eu\/index.php\/cennik\/","og_site_name":"Camping Ara","article_publisher":"https:\/\/www.facebook.com\/campingara.eu\/","article_modified_time":"2026-03-26T11:27:56+00:00","twitter_card":"summary_large_image","twitter_misc":{"Szacowany czas czytania":"2 minuty"},"schema":{"@context":"https:\/\/schema.org","@graph":[{"@type":"WebPage","@id":"https:\/\/campingara.eu\/index.php\/cennik\/","url":"https:\/\/campingara.eu\/index.php\/cennik\/","name":"Cennik - Camping Ara","isPartOf":{"@id":"https:\/\/campingara.eu\/#website"},"datePublished":"2025-02-16T19:20:05+00:00","dateModified":"2026-03-26T11:27:56+00:00","breadcrumb":{"@id":"https:\/\/campingara.eu\/index.php\/cennik\/#breadcrumb"},"inLanguage":"pl-PL","potentialAction":[{"@type":"ReadAction","target":["https:\/\/campingara.eu\/index.php\/cennik\/"]}]},{"@type":"BreadcrumbList","@id":"https:\/\/campingara.eu\/index.php\/cennik\/#breadcrumb","itemListElement":[{"@type":"ListItem","position":1,"name":"Strona g\u0142\u00f3wna","item":"https:\/\/campingara.eu\/"},{"@type":"ListItem","position":2,"name":"Cennik"}]},{"@type":"WebSite","@id":"https:\/\/campingara.eu\/#website","url":"https:\/\/campingara.eu\/","name":"Camping Ara","description":"","publisher":{"@id":"https:\/\/campingara.eu\/#organization"},"potentialAction":[{"@type":"SearchAction","target":{"@type":"EntryPoint","urlTemplate":"https:\/\/campingara.eu\/?s={search_term_string}"},"query-input":{"@type":"PropertyValueSpecification","valueRequired":true,"valueName":"search_term_string"}}],"inLanguage":"pl-PL"},{"@type":"Organization","@id":"https:\/\/campingara.eu\/#organization","name":"Camping Ara","url":"https:\/\/campingara.eu\/","logo":{"@type":"ImageObject","inLanguage":"pl-PL","@id":"https:\/\/campingara.eu\/#\/schema\/logo\/image\/","url":"https:\/\/campingara.eu\/wp-content\/uploads\/2025\/02\/logo-9-79-1.png","contentUrl":"https:\/\/campingara.eu\/wp-content\/uploads\/2025\/02\/logo-9-79-1.png","width":120,"height":86,"caption":"Camping Ara"},"image":{"@id":"https:\/\/campingara.eu\/#\/schema\/logo\/image\/"},"sameAs":["https:\/\/www.facebook.com\/campingara.eu\/","https:\/\/www.instagram.com\/campingara"]}]}},"_links":{"self":[{"href":"https:\/\/campingara.eu\/index.php\/wp-json\/wp\/v2\/pages\/98","targetHints":{"allow":["GET"]}}],"collection":[{"href":"https:\/\/campingara.eu\/index.php\/wp-json\/wp\/v2\/pages"}],"about":[{"href":"https:\/\/campingara.eu\/index.php\/wp-json\/wp\/v2\/types\/page"}],"author":[{"embeddable":true,"href":"https:\/\/campingara.eu\/index.php\/wp-json\/wp\/v2\/users\/1"}],"replies":[{"embeddable":true,"href":"https:\/\/campingara.eu\/index.php\/wp-json\/wp\/v2\/comments?post=98"}],"version-history":[{"count":15,"href":"https:\/\/campingara.eu\/index.php\/wp-json\/wp\/v2\/pages\/98\/revisions"}],"predecessor-version":[{"id":302,"href":"https:\/\/campingara.eu\/index.php\/wp-json\/wp\/v2\/pages\/98\/revisions\/302"}],"wp:attachment":[{"href":"https:\/\/campingara.eu\/index.php\/wp-json\/wp\/v2\/media?parent=98"}],"curies":[{"name":"wp","href":"https:\/\/api.w.org\/{rel}","templated":true}]}}