{"id":97,"date":"2025-02-16T19:20:04","date_gmt":"2025-02-16T19:20:04","guid":{"rendered":"https:\/\/campingara.eu\/index.php\/strona-glowna\/"},"modified":"2025-02-27T13:50:54","modified_gmt":"2025-02-27T13:50:54","slug":"strona-glowna","status":"publish","type":"page","link":"https:\/\/campingara.eu\/","title":{"rendered":"Strona g\u0142\u00f3wna"},"content":{"rendered":"\n    \n    <section class=\"u-clearfix u-image u-shading u-section-2\" id=\"sec-7a71\" data-image-width=\"2016\" data-image-height=\"1512\" style=\"background-image: linear-gradient(rgba(0, 0, 0, 0.1), rgba(0, 0, 0, 0.1)), url(&quot;https:\/\/campingara.eu\/wp-content\/uploads\/2025\/02\/A2.jpg&quot;);\">\n      <div class=\"data-layout-selected u-clearfix u-expanded-width-md u-expanded-width-sm u-expanded-width-xs u-layout-wrap u-layout-wrap-1\">\n        <div class=\"u-layout\">\n          <div class=\"u-layout-row\">\n            <div class=\"u-container-style u-layout-cell u-size-60 u-layout-cell-1\">\n              <div class=\"u-container-layout u-valign-middle-lg u-valign-middle-md u-valign-middle-sm u-valign-middle-xl u-valign-top-xs u-container-layout-1\">\n                <h1 class=\"u-text u-text-default u-text-1\">Miejsce, gdzie tworz\u0105 si\u0119 wspomnienia<\/h1>\n                <a href=\"#popup-8be6\" class=\"u-border-none u-btn u-button-style u-dialog-link u-palette-2-base u-btn-1\">\n                  <span class=\"u-file-icon u-icon u-text-white u-icon-1\"><img decoding=\"async\" src=\"https:\/\/campingara.eu\/wp-content\/uploads\/2025\/02\/c5d90d28.png\" alt=\"\"><\/span>&nbsp;Zarezerwuj pobyt \n                <\/a>\n              <\/div>\n            <\/div>\n          <\/div>\n        <\/div>\n      <\/div>\n      <img decoding=\"async\" class=\"u-image u-image-contain u-image-default u-image-1\" src=\"https:\/\/campingara.eu\/wp-content\/uploads\/2025\/02\/GlsZF99cloVGRes0azcyShmdrp5hgH2YRlBsvUBAZp93zV35XUVWkJcqSIxv3QjJgAGMY7e8eafJiomJYqHQlctfvMR5HW7t5rBurvCd0oEhV3RhjMp4.jpeg\" alt=\"\" data-image-width=\"817\" data-image-height=\"1000\">\n      <span class=\"u-file-icon u-flip-horizontal u-flip-vertical u-icon u-text-custom-color-1 u-icon-2\" data-href=\"https:\/\/campingara.eu\/index.php\/strona-glowna\/#sec-784c\"><img decoding=\"async\" src=\"https:\/\/campingara.eu\/wp-content\/uploads\/2025\/02\/0ff30e89.png\" alt=\"\"><\/span>\n    <\/section>\n    <section class=\"u-clearfix u-section-3\" id=\"sec-784c\">\n      <div class=\"u-clearfix u-sheet u-sheet-1\">\n        <div class=\"data-layout-selected u-clearfix u-expanded-width u-layout-wrap u-layout-wrap-1\">\n          <div class=\"u-layout\">\n            <div class=\"u-layout-row\">\n              <div class=\"u-container-style u-layout-cell u-size-30 u-layout-cell-1\">\n                <div class=\"u-container-layout u-container-layout-1\">\n                  <h2 class=\"u-text u-text-palette-2-base u-text-1\" data-animation-name=\"customAnimationIn\" data-animation-duration=\"2000\" data-animation-delay=\"0\">O nas<br style=\"\">\n                  <\/h2>\n                  <p class=\"u-text u-text-2\"> Odkryj urok wypoczynku w\u015br\u00f3d natury. Przestronny, zielony teren, blisko\u015b\u0107 pla\u017cy i liczne atrakcje dla ca\u0142ej rodziny sprawi\u0105, \u017ce Twoje wakacje b\u0119d\u0105 niezapomniane!<\/p>\n                  <a href=\"https:\/\/campingara.eu\/index.php\/oferta\/\" class=\"u-btn u-button-style u-btn-1\" title=\"Oferta\">\n                    <span class=\"u-file-icon u-icon u-text-white u-icon-1\"><img decoding=\"async\" src=\"https:\/\/campingara.eu\/wp-content\/uploads\/2025\/02\/8efa5d3d.png\" alt=\"\"><\/span>&nbsp;Poznaj nasz\u0105 ofert\u0119 \n                  <\/a>\n                  <img decoding=\"async\" class=\"custom-expanded u-image u-image-1\" src=\"https:\/\/campingara.eu\/wp-content\/uploads\/2025\/02\/Nehfy7JQiqfb39afmzoC4ga5LmgF6XoSXOMnLO3QtoXJKptXYoMbfcGsDQ8zeqwcnzBn9qKuO3LVzr2I4sT0KpUvxSmaiPgRd1NpkOoyzsCJgOgV4CYscu4I.jpeg\" data-image-width=\"5209\" data-image-height=\"2822\">\n                <\/div>\n              <\/div>\n              <div class=\"u-container-style u-gradient u-layout-cell u-radius u-shape-round u-size-30 u-layout-cell-2\">\n                <div class=\"u-container-layout u-valign-bottom-xs u-valign-top-md u-valign-top-sm u-container-layout-2\">\n                  <div class=\"u-expanded-width-sm u-expanded-width-xs u-list u-list-1\">\n                    <div class=\"u-repeater u-repeater-1\">\n                      <div class=\"u-container-style u-list-item u-radius u-repeater-item u-shape-round u-list-item-1\">\n                        <div class=\"u-container-layout u-similar-container u-container-layout-3\">\n                          <h3 class=\"u-text u-text-default u-text-grey-15 u-text-3\" data-animation-name=\"flipIn\" data-animation-duration=\"2000\" data-animation-delay=\"0\" data-animation-direction=\"X\"> &#x1f33f;<\/h3>\n                          <h5 class=\"u-text u-text-default-lg u-text-default-md u-text-default-sm u-text-default-xl u-text-4\"><i>Du\u017cy\nzielony teren i brak parceli<\/i>\n                          <\/h5>\n                          <p class=\"u-text u-text-5\"> Ponad\n3 hektary spokoju i relaksu w otoczeniu przyrody.<\/p>\n                        <\/div>\n                      <\/div>\n                      <div class=\"u-container-style u-list-item u-radius u-repeater-item u-shape-round u-list-item-2\">\n                        <div class=\"u-container-layout u-similar-container u-container-layout-4\">\n                          <h3 class=\"u-text u-text-default u-text-grey-15 u-text-6\" data-animation-name=\"flipIn\" data-animation-duration=\"2000\" data-animation-delay=\"0\" data-animation-direction=\"X\"> &#x1f3d6;&#xfe0f;<\/h3>\n                          <h5 class=\"u-text u-text-default-lg u-text-default-md u-text-default-sm u-text-default-xl u-text-7\">Blisko pla\u017cy <\/h5>\n                          <p class=\"u-text u-text-8\"> Zaledwie\n200 m dzieli Ci\u0119 od piaszczystej pla\u017cy nad Ba\u0142tykiem.<\/p>\n                        <\/div>\n                      <\/div>\n                      <div class=\"u-container-style u-list-item u-radius u-repeater-item u-shape-round u-list-item-3\">\n                        <div class=\"u-container-layout u-similar-container u-container-layout-5\">\n                          <h3 class=\"u-text u-text-default u-text-grey-15 u-text-9\" data-animation-name=\"flipIn\" data-animation-duration=\"2000\" data-animation-delay=\"0\" data-animation-direction=\"X\"> &#x1f3d5;&#xfe0f;<\/h3>\n                          <h5 class=\"u-text u-text-default-lg u-text-default-md u-text-default-sm u-text-default-xl u-text-10\">Dla ka\u017cdego<\/h5>\n                          <p class=\"u-text u-text-11\"> Domki\nletniskowe, stanowiska campingowe i miejsca na namioty.<\/p>\n                        <\/div>\n                      <\/div>\n                      <div class=\"u-container-style u-list-item u-radius u-repeater-item u-shape-round u-list-item-4\">\n                        <div class=\"u-container-layout u-similar-container u-container-layout-6\">\n                          <h3 class=\"u-text u-text-default u-text-grey-15 u-text-12\" data-animation-name=\"flipIn\" data-animation-duration=\"2000\" data-animation-delay=\"0\" data-animation-direction=\"X\"> &#x1f389;<\/h3>\n                          <h5 class=\"u-text u-text-default-lg u-text-default-md u-text-default-sm u-text-default-xl u-text-13\">Atrakcje i udogodnienia<\/h5>\n                          <p class=\"u-text u-text-14\"> Animacje,\nplac zabaw, boisko do siatk\u00f3wki, Wi-Fi i wi\u0119cej.<\/p>\n                        <\/div>\n                      <\/div>\n                    <\/div>\n                  <\/div>\n                <\/div>\n              <\/div>\n            <\/div>\n          <\/div>\n        <\/div>\n      <\/div>\n    <\/section>\n    <section class=\"u-clearfix u-container-align-center u-section-4\" id=\"sec-a737\">\n      <div class=\"u-clearfix u-sheet u-sheet-1\">\n        <div class=\"data-layout-selected u-clearfix u-expanded-width u-gutter-30 u-layout-wrap u-radius u-layout-wrap-1\">\n          <div class=\"u-layout\">\n            <div class=\"u-layout-row\">\n              <div class=\"u-container-align-left u-container-style u-layout-cell u-size-30 u-layout-cell-1\">\n                <div class=\"u-container-layout u-valign-middle u-container-layout-1\">\n                  <h2 class=\"u-align-left u-text u-text-1\"><i>Poznaj Camping ARA \u2013 miejsce, gdzie tworz\u0105 si\u0119\nwspomnienia! <\/i>\n                  <\/h2>\n                  <p class=\"u-align-left u-text u-text-2\"> Camping ARA to oaza spokoju i wypoczynku po\u0142o\u017cona w\nmalowniczym Mielenku nad Ba\u0142tykiem. Nasz ponad 3-hektarowy zielony teren to\nidealne miejsce dla rodzin z dzie\u0107mi, par, grup przyjaci\u00f3\u0142 oraz wszystkich,\nkt\u00f3rzy pragn\u0105 relaksu w blisko\u015bci natury.\nTylko 200 metr\u00f3w od pla\u017cy i w otoczeniu sosnowego lasu,\nCamping ARA \u0142\u0105czy uroki nadmorskiego klimatu z komfortem i r\u00f3\u017cnorodno\u015bci\u0105\natrakcji. To tutaj mo\u017cesz cieszy\u0107 si\u0119 czystym powietrzem, leczniczym\nmikroklimatem i niepowtarzaln\u0105 atmosfer\u0105 wakacyjnego wypoczynku.\nNasza oferta obejmuje komfortowe domki, stanowiska dla\ncamper\u00f3w, przyczep kempingowych oraz miejsca namiotowe. Dbamy o to, by ka\u017cdy\ngo\u015b\u0107 czu\u0142 si\u0119 u nas wyj\u0105tkowo \u2013 niezale\u017cnie od tego, czy szuka spokoju, czy\nwakacyjnych wra\u017ce\u0144. <\/p>\n                  <a href=\"https:\/\/campingara.eu\/index.php\/galeria\/\" class=\"u-align-left u-border-none u-btn u-button-style u-palette-2-base u-btn-1\" title=\"Galeria\">\n                    <span class=\"u-file-icon u-icon u-text-white u-icon-1\"><img decoding=\"async\" src=\"https:\/\/campingara.eu\/wp-content\/uploads\/2025\/02\/bc27f56a.png\" alt=\"\"><\/span>&nbsp;Zobacz galeri\u0119 zdj\u0119\u0107 \n                  <\/a>\n                <\/div>\n              <\/div>\n              <div class=\"u-container-style u-image u-image-round u-layout-cell u-radius u-size-30 u-image-1\" data-image-width=\"1728\" data-image-height=\"972\" style=\"background-image: url(&quot;https:\/\/campingara.eu\/wp-content\/uploads\/2025\/02\/A3-1.jpg&quot;);\">\n                <div class=\"u-container-layout u-container-layout-2\"><\/div>\n              <\/div>\n            <\/div>\n          <\/div>\n        <\/div>\n      <\/div>\n    <\/section>\n    <section class=\"u-clearfix u-section-5\" id=\"sec-b214\">\n      <div class=\"u-clearfix u-sheet u-valign-middle u-sheet-1\">\n        <div class=\"data-layout-selected u-clearfix u-expanded-width u-gutter-30 u-layout-wrap u-layout-wrap-1\">\n          <div class=\"u-layout\">\n            <div class=\"u-layout-row\">\n              <div class=\"u-container-align-left-lg u-container-align-left-md u-container-align-left-sm u-container-align-left-xl u-container-style u-image u-layout-cell u-radius u-shading u-shape-round u-size-20 u-image-1\" data-image-width=\"4032\" data-image-height=\"3024\" data-href=\"https:\/\/campingara.eu\/index.php\/oferta\/#sec-1689\" style=\"background-image: linear-gradient(rgba(0, 0, 0, 0.35), rgba(0, 0, 0, 0.35)), url(&quot;https:\/\/campingara.eu\/wp-content\/uploads\/2025\/02\/D0.jpg&quot;);\">\n                <div class=\"u-container-layout u-valign-bottom-lg u-valign-bottom-sm u-valign-bottom-xl u-valign-bottom-xs u-container-layout-1\">\n                  <span class=\"u-align-left u-file-icon u-icon u-text-palette-2-base u-icon-1\"><img decoding=\"async\" src=\"https:\/\/campingara.eu\/wp-content\/uploads\/2025\/02\/aaf71d2d.png\" alt=\"\"><\/span>\n                  <h4 class=\"u-align-left u-text u-text-white u-text-1\">DOMKI LETNISKOWE <\/h4>\n                <\/div>\n              <\/div>\n              <div class=\"u-container-style u-image u-image-round u-layout-cell u-radius u-shading u-size-20 u-image-2\" data-image-width=\"4160\" data-image-height=\"3120\" data-href=\"https:\/\/campingara.eu\/index.php\/oferta\/#sec-5434\" style=\"background-image: linear-gradient(rgba(0, 0, 0, 0.35), rgba(0, 0, 0, 0.35)), url(&quot;https:\/\/campingara.eu\/wp-content\/uploads\/2025\/02\/A17.jpg&quot;);\">\n                <div class=\"u-container-layout u-valign-bottom u-container-layout-2\">\n                  <span class=\"u-align-left u-file-icon u-icon u-text-palette-2-base u-icon-2\"><img decoding=\"async\" src=\"https:\/\/campingara.eu\/wp-content\/uploads\/2025\/02\/aaf71d2d.png\" alt=\"\"><\/span>\n                  <h4 class=\"u-align-left u-text u-text-white u-text-2\">STANOWISKA CAMPINGOWE<\/h4>\n                <\/div>\n              <\/div>\n              <div class=\"u-container-style u-image u-image-round u-layout-cell u-radius u-shading u-shape-rectangle u-size-20 u-image-3\" data-image-width=\"4608\" data-image-height=\"3456\" data-href=\"https:\/\/campingara.eu\/index.php\/oferta\/#sec-69ed\" style=\"background-image: linear-gradient(rgba(0, 0, 0, 0.35), rgba(0, 0, 0, 0.35)), url(&quot;https:\/\/campingara.eu\/wp-content\/uploads\/2025\/02\/A9.jpg&quot;);\">\n                <div class=\"u-container-layout u-valign-bottom-lg u-valign-bottom-sm u-valign-bottom-xl u-valign-bottom-xs u-container-layout-3\">\n                  <span class=\"u-align-left u-file-icon u-icon u-text-palette-2-base u-icon-3\"><img decoding=\"async\" src=\"https:\/\/campingara.eu\/wp-content\/uploads\/2025\/02\/aaf71d2d.png\" alt=\"\"><\/span>\n                  <h4 class=\"u-align-left u-text u-text-white u-text-3\">MIEJSCA NAMIOTOWE<\/h4>\n                <\/div>\n              <\/div>\n            <\/div>\n          <\/div>\n        <\/div>\n      <\/div>\n    <\/section>\n    <section class=\"skrollable u-clearfix u-container-align-center u-section-6\" id=\"sec-1c43\" data-image-width=\"2000\" data-image-height=\"1333\">\n      <div class=\"u-clearfix u-sheet u-valign-middle u-sheet-1\">\n        <div class=\"skrollable u-container-style u-expanded-width u-group u-image u-image-round u-parallax u-radius u-shading u-shape-rectangle u-image-1\" data-image-width=\"4608\" data-image-height=\"2592\" style=\"background-image: linear-gradient(rgba(248, 138, 16, 0.85), rgba(248, 138, 16, 0.85)), url(&quot;https:\/\/campingara.eu\/wp-content\/uploads\/2025\/02\/E5.jpg&quot;);\">\n          <div class=\"u-container-layout u-valign-middle-xs u-container-layout-1\">\n            <span class=\"u-file-icon u-icon u-text-white u-icon-1\"><img decoding=\"async\" src=\"https:\/\/campingara.eu\/wp-content\/uploads\/2025\/02\/d110fac7.png\" alt=\"\"><\/span>\n            <h1 class=\"u-align-center-sm u-align-center-xs u-text u-text-body-alt-color u-text-1\">Miejsce, gdzie tworz\u0105 si\u0119 wspomnienia<br>\n            <\/h1>\n            <h6 class=\"u-align-center-sm u-align-center-xs u-text u-text-2\">Zapraszamy na Camping \u201eARA\u201d \u2013 tutaj ka\u017cdy dzie\u0144 jest szans\u0105 na relaks, zabaw\u0119 i\nkontakt z natur\u0105. Przyjed\u017a i przekonaj si\u0119, jak wyj\u0105tkowy mo\u017ce by\u0107 wypoczynek\nnad polskim morzem!&nbsp;&nbsp;<\/h6>\n          <\/div>\n        <\/div>\n      <\/div>\n    <\/section>\n    <section class=\"u-clearfix u-section-7\" id=\"carousel_8d46\">\n      <div class=\"u-clearfix u-sheet u-valign-middle-lg u-valign-middle-md u-valign-middle-xl u-sheet-1\">\n        <div class=\"data-layout-selected u-clearfix u-expanded-width u-layout-wrap u-layout-wrap-1\">\n          <div class=\"u-layout\">\n            <div class=\"u-layout-row\">\n              <div class=\"u-container-style u-layout-cell u-size-20 u-layout-cell-1\">\n                <div class=\"u-container-layout u-valign-top-md u-valign-top-sm u-valign-top-xs u-container-layout-1\">\n                  <h2 class=\"u-text u-text-default u-text-1\">Odwied\u017a nas! \ud83d\ude42<br style=\"\">\n                  <\/h2>\n                <\/div>\n              <\/div>\n              <div class=\"u-container-style u-layout-cell u-size-40 u-layout-cell-2\">\n                <div class=\"u-container-layout u-container-layout-2\">\n                  <div class=\"u-expanded-width u-list u-list-1\">\n                    <div class=\"u-repeater u-repeater-1\">\n                      <div class=\"u-container-style u-list-item u-repeater-item\">\n                        <div class=\"u-container-layout u-similar-container u-container-layout-3\">\n                          <h5 class=\"u-text u-text-default u-text-palette-2-base u-text-2\">Camping ARA<\/h5>\n                          <p class=\"u-text u-text-default u-text-3\">\n                            <a class=\"u-active-none u-border-none u-btn u-button-link u-button-style u-hover-none u-none u-text-black u-btn-1\" href=\"mailto:info@campingara.eu\">info@campingara.eu<\/a>\n                          <\/p>\n                          <p class=\"u-text u-text-default u-text-4\">\n                            <a class=\"u-active-none u-border-none u-btn u-button-link u-button-style u-hover-none u-none u-text-black u-btn-2\" href=\"tel:+48 664 430 945\"> +48 664 430 945<\/a>\n                          <\/p>\n                          <p class=\"u-text u-text-default u-text-5\">\n                            <a class=\"u-active-none u-border-none u-btn u-button-link u-button-style u-hover-none u-none u-text-black u-btn-3\" href=\"https:\/\/www.google.com\/maps\/dir\/\/Pla%C5%BCowa+9,+76-032+Mielenko\/@54.2528827,15.9386532,20318m\/data=!3m1!1e3!4m8!4m7!1m0!1m5!1m1!1s0x47002f638de64c89:0xe180aacf7cb6a403!2m2!1d16.0210543!2d54.2529079?entry=ttu&amp;g_ep=EgoyMDI1MDIxMi4wIKXMDSoASAFQAw%3D%3D\" target=\"_blank\"> Pla\u017cowa 9, 76-032 Mielenko<\/a>\n                          <\/p>\n                        <\/div>\n                      <\/div>\n                    <\/div>\n                  <\/div>\n                  <div class=\"nicepage-slider-class u-expanded-width-sm u-expanded-width-xs u-grey-light-2 u-map u-map-1\">\n                    <div class=\"embed-responsive\">\n                      <iframe class=\"embed-responsive-item\" src=\"https:\/\/maps.google.com\/maps?output=embed&amp;q=Pla%C5%BCowa%209%2C%2076-032%20Mielenko&amp;z=10&amp;t=m\" data-map=\"JTdCJTIyYWRkcmVzcyUyMiUzQSUyMlBsYSVDNSVCQ293YSUyMDklMkMlMjA3Ni0wMzIlMjBNaWVsZW5rbyUyMiUyQyUyMnpvb20lMjIlM0ExMCUyQyUyMnR5cGVJZCUyMiUzQSUyMnJvYWQlMjIlMkMlMjJsYW5nJTIyJTNBbnVsbCUyQyUyMmFwaUtleSUyMiUzQW51bGwlMkMlMjJtYXJrZXJzJTIyJTNBJTVCJTVEJTdE\"><\/iframe>\n                    <\/div>\n                  <\/div>\n                <\/div>\n              <\/div>\n            <\/div>\n          <\/div>\n        <\/div>\n      <\/div>\n    <\/section>\n    \n    \n    \n    \n  \n","protected":false},"excerpt":{"rendered":"<p>Miejsce, gdzie tworz\u0105 si\u0119 wspomnienia &nbsp;Zarezerwuj pobyt O nas Odkryj urok wypoczynku w\u015br\u00f3d natury. Przestronny, zielony teren, blisko\u015b\u0107 pla\u017cy i liczne atrakcje dla ca\u0142ej rodziny sprawi\u0105, \u017ce Twoje wakacje b\u0119d\u0105 niezapomniane! &nbsp;Poznaj nasz\u0105 ofert\u0119 &#x1f33f; Du\u017cy zielony teren i brak parceli Ponad 3 hektary spokoju i relaksu w otoczeniu przyrody. &#x1f3d6;&#xfe0f; Blisko pla\u017cy Zaledwie 200 &hellip; <a href=\"https:\/\/campingara.eu\/\" class=\"more-link\">Continue reading<span class=\"screen-reader-text\"> &#8222;Strona g\u0142\u00f3wna&#8221;<\/span><\/a><\/p>\n","protected":false},"author":1,"featured_media":0,"parent":0,"menu_order":4,"comment_status":"closed","ping_status":"closed","template":"","meta":{"footnotes":""},"class_list":["post-97","page","type-page","status-publish","hentry"],"yoast_head":"<!-- This site is optimized with the Yoast SEO plugin v26.4 - https:\/\/yoast.com\/wordpress\/plugins\/seo\/ -->\n<title>Strona g\u0142\u00f3wna - Camping Ara<\/title>\n<meta name=\"robots\" content=\"index, follow, max-snippet:-1, max-image-preview:large, max-video-preview:-1\" \/>\n<link rel=\"canonical\" href=\"https:\/\/campingara.eu\/\" \/>\n<meta property=\"og:locale\" content=\"pl_PL\" \/>\n<meta property=\"og:type\" content=\"article\" \/>\n<meta property=\"og:title\" content=\"Strona g\u0142\u00f3wna - Camping Ara\" \/>\n<meta property=\"og:description\" content=\"Miejsce, gdzie tworz\u0105 si\u0119 wspomnienia &nbsp;Zarezerwuj pobyt O nas Odkryj urok wypoczynku w\u015br\u00f3d natury. Przestronny, zielony teren, blisko\u015b\u0107 pla\u017cy i liczne atrakcje dla ca\u0142ej rodziny sprawi\u0105, \u017ce Twoje wakacje b\u0119d\u0105 niezapomniane! &nbsp;Poznaj nasz\u0105 ofert\u0119 &#x1f33f; Du\u017cy zielony teren i brak parceli Ponad 3 hektary spokoju i relaksu w otoczeniu przyrody. &#x1f3d6;&#xfe0f; Blisko pla\u017cy Zaledwie 200 &hellip; Continue reading &quot;Strona g\u0142\u00f3wna&quot;\" \/>\n<meta property=\"og:url\" content=\"https:\/\/campingara.eu\/\" \/>\n<meta property=\"og:site_name\" content=\"Camping Ara\" \/>\n<meta property=\"article:publisher\" content=\"https:\/\/www.facebook.com\/campingara.eu\/\" \/>\n<meta property=\"article:modified_time\" content=\"2025-02-27T13:50:54+00:00\" \/>\n<meta name=\"twitter:card\" content=\"summary_large_image\" \/>\n<meta name=\"twitter:label1\" content=\"Szacowany czas czytania\" \/>\n\t<meta name=\"twitter:data1\" content=\"1 minuta\" \/>\n<script type=\"application\/ld+json\" class=\"yoast-schema-graph\">{\"@context\":\"https:\/\/schema.org\",\"@graph\":[{\"@type\":\"WebPage\",\"@id\":\"https:\/\/campingara.eu\/\",\"url\":\"https:\/\/campingara.eu\/\",\"name\":\"Strona g\u0142\u00f3wna - Camping Ara\",\"isPartOf\":{\"@id\":\"https:\/\/campingara.eu\/#website\"},\"datePublished\":\"2025-02-16T19:20:04+00:00\",\"dateModified\":\"2025-02-27T13:50:54+00:00\",\"breadcrumb\":{\"@id\":\"https:\/\/campingara.eu\/#breadcrumb\"},\"inLanguage\":\"pl-PL\",\"potentialAction\":[{\"@type\":\"ReadAction\",\"target\":[\"https:\/\/campingara.eu\/\"]}]},{\"@type\":\"BreadcrumbList\",\"@id\":\"https:\/\/campingara.eu\/#breadcrumb\",\"itemListElement\":[{\"@type\":\"ListItem\",\"position\":1,\"name\":\"Strona g\u0142\u00f3wna\",\"item\":\"https:\/\/campingara.eu\/\"},{\"@type\":\"ListItem\",\"position\":2,\"name\":\"Strona g\u0142\u00f3wna\"}]},{\"@type\":\"WebSite\",\"@id\":\"https:\/\/campingara.eu\/#website\",\"url\":\"https:\/\/campingara.eu\/\",\"name\":\"Camping Ara\",\"description\":\"\",\"publisher\":{\"@id\":\"https:\/\/campingara.eu\/#organization\"},\"potentialAction\":[{\"@type\":\"SearchAction\",\"target\":{\"@type\":\"EntryPoint\",\"urlTemplate\":\"https:\/\/campingara.eu\/?s={search_term_string}\"},\"query-input\":{\"@type\":\"PropertyValueSpecification\",\"valueRequired\":true,\"valueName\":\"search_term_string\"}}],\"inLanguage\":\"pl-PL\"},{\"@type\":\"Organization\",\"@id\":\"https:\/\/campingara.eu\/#organization\",\"name\":\"Camping Ara\",\"url\":\"https:\/\/campingara.eu\/\",\"logo\":{\"@type\":\"ImageObject\",\"inLanguage\":\"pl-PL\",\"@id\":\"https:\/\/campingara.eu\/#\/schema\/logo\/image\/\",\"url\":\"https:\/\/campingara.eu\/wp-content\/uploads\/2025\/02\/logo-9-79-1.png\",\"contentUrl\":\"https:\/\/campingara.eu\/wp-content\/uploads\/2025\/02\/logo-9-79-1.png\",\"width\":120,\"height\":86,\"caption\":\"Camping Ara\"},\"image\":{\"@id\":\"https:\/\/campingara.eu\/#\/schema\/logo\/image\/\"},\"sameAs\":[\"https:\/\/www.facebook.com\/campingara.eu\/\",\"https:\/\/www.instagram.com\/campingara\"]}]}<\/script>\n<!-- \/ Yoast SEO plugin. -->","yoast_head_json":{"title":"Strona g\u0142\u00f3wna - Camping Ara","robots":{"index":"index","follow":"follow","max-snippet":"max-snippet:-1","max-image-preview":"max-image-preview:large","max-video-preview":"max-video-preview:-1"},"canonical":"https:\/\/campingara.eu\/","og_locale":"pl_PL","og_type":"article","og_title":"Strona g\u0142\u00f3wna - Camping Ara","og_description":"Miejsce, gdzie tworz\u0105 si\u0119 wspomnienia &nbsp;Zarezerwuj pobyt O nas Odkryj urok wypoczynku w\u015br\u00f3d natury. Przestronny, zielony teren, blisko\u015b\u0107 pla\u017cy i liczne atrakcje dla ca\u0142ej rodziny sprawi\u0105, \u017ce Twoje wakacje b\u0119d\u0105 niezapomniane! &nbsp;Poznaj nasz\u0105 ofert\u0119 &#x1f33f; Du\u017cy zielony teren i brak parceli Ponad 3 hektary spokoju i relaksu w otoczeniu przyrody. &#x1f3d6;&#xfe0f; Blisko pla\u017cy Zaledwie 200 &hellip; Continue reading \"Strona g\u0142\u00f3wna\"","og_url":"https:\/\/campingara.eu\/","og_site_name":"Camping Ara","article_publisher":"https:\/\/www.facebook.com\/campingara.eu\/","article_modified_time":"2025-02-27T13:50:54+00:00","twitter_card":"summary_large_image","twitter_misc":{"Szacowany czas czytania":"1 minuta"},"schema":{"@context":"https:\/\/schema.org","@graph":[{"@type":"WebPage","@id":"https:\/\/campingara.eu\/","url":"https:\/\/campingara.eu\/","name":"Strona g\u0142\u00f3wna - Camping Ara","isPartOf":{"@id":"https:\/\/campingara.eu\/#website"},"datePublished":"2025-02-16T19:20:04+00:00","dateModified":"2025-02-27T13:50:54+00:00","breadcrumb":{"@id":"https:\/\/campingara.eu\/#breadcrumb"},"inLanguage":"pl-PL","potentialAction":[{"@type":"ReadAction","target":["https:\/\/campingara.eu\/"]}]},{"@type":"BreadcrumbList","@id":"https:\/\/campingara.eu\/#breadcrumb","itemListElement":[{"@type":"ListItem","position":1,"name":"Strona g\u0142\u00f3wna","item":"https:\/\/campingara.eu\/"},{"@type":"ListItem","position":2,"name":"Strona g\u0142\u00f3wna"}]},{"@type":"WebSite","@id":"https:\/\/campingara.eu\/#website","url":"https:\/\/campingara.eu\/","name":"Camping Ara","description":"","publisher":{"@id":"https:\/\/campingara.eu\/#organization"},"potentialAction":[{"@type":"SearchAction","target":{"@type":"EntryPoint","urlTemplate":"https:\/\/campingara.eu\/?s={search_term_string}"},"query-input":{"@type":"PropertyValueSpecification","valueRequired":true,"valueName":"search_term_string"}}],"inLanguage":"pl-PL"},{"@type":"Organization","@id":"https:\/\/campingara.eu\/#organization","name":"Camping Ara","url":"https:\/\/campingara.eu\/","logo":{"@type":"ImageObject","inLanguage":"pl-PL","@id":"https:\/\/campingara.eu\/#\/schema\/logo\/image\/","url":"https:\/\/campingara.eu\/wp-content\/uploads\/2025\/02\/logo-9-79-1.png","contentUrl":"https:\/\/campingara.eu\/wp-content\/uploads\/2025\/02\/logo-9-79-1.png","width":120,"height":86,"caption":"Camping Ara"},"image":{"@id":"https:\/\/campingara.eu\/#\/schema\/logo\/image\/"},"sameAs":["https:\/\/www.facebook.com\/campingara.eu\/","https:\/\/www.instagram.com\/campingara"]}]}},"_links":{"self":[{"href":"https:\/\/campingara.eu\/index.php\/wp-json\/wp\/v2\/pages\/97","targetHints":{"allow":["GET"]}}],"collection":[{"href":"https:\/\/campingara.eu\/index.php\/wp-json\/wp\/v2\/pages"}],"about":[{"href":"https:\/\/campingara.eu\/index.php\/wp-json\/wp\/v2\/types\/page"}],"author":[{"embeddable":true,"href":"https:\/\/campingara.eu\/index.php\/wp-json\/wp\/v2\/users\/1"}],"replies":[{"embeddable":true,"href":"https:\/\/campingara.eu\/index.php\/wp-json\/wp\/v2\/comments?post=97"}],"version-history":[{"count":11,"href":"https:\/\/campingara.eu\/index.php\/wp-json\/wp\/v2\/pages\/97\/revisions"}],"predecessor-version":[{"id":288,"href":"https:\/\/campingara.eu\/index.php\/wp-json\/wp\/v2\/pages\/97\/revisions\/288"}],"wp:attachment":[{"href":"https:\/\/campingara.eu\/index.php\/wp-json\/wp\/v2\/media?parent=97"}],"curies":[{"name":"wp","href":"https:\/\/api.w.org\/{rel}","templated":true}]}}