{"id":95,"date":"2025-02-16T19:20:02","date_gmt":"2025-02-16T19:20:02","guid":{"rendered":"https:\/\/campingara.eu\/index.php\/kontakt\/"},"modified":"2025-02-27T16:47:06","modified_gmt":"2025-02-27T16:47:06","slug":"kontakt","status":"publish","type":"page","link":"https:\/\/campingara.eu\/index.php\/kontakt\/","title":{"rendered":"Kontakt"},"content":{"rendered":"\n    \n    <section class=\"u-clearfix u-image u-shading u-section-2\" id=\"sec-8396\" data-image-width=\"5760\" data-image-height=\"3840\" style=\"background-image: linear-gradient(rgba(0, 0, 0, 0.1), rgba(0, 0, 0, 0.1)), url(&quot;https:\/\/campingara.eu\/wp-content\/uploads\/2025\/02\/banner_11zon.png&quot;);\">\n      <div class=\"custom-expanded data-layout-selected u-clearfix u-layout-wrap u-layout-wrap-1\">\n        <div class=\"u-layout\">\n          <div class=\"u-layout-row\">\n            <div class=\"u-container-style u-layout-cell u-size-60 u-layout-cell-1\">\n              <div class=\"u-container-layout u-valign-middle u-container-layout-1\">\n                <h1 class=\"u-text u-text-default u-text-1\"><i><\/i> Skontaktuj si\u0119 z nami i zaplanuj swoje wakacje!&nbsp;&nbsp; \n                <\/h1>\n                <a href=\"#popup-8be6\" class=\"u-border-none u-btn u-button-style u-dialog-link u-palette-2-base u-btn-1\">\n                  <span class=\"u-file-icon u-icon u-text-white u-icon-1\"><img decoding=\"async\" src=\"https:\/\/campingara.eu\/wp-content\/uploads\/2025\/02\/c5d90d28.png\" alt=\"\"><\/span>&nbsp;Zarezerwuj pobyt \n                <\/a>\n              <\/div>\n            <\/div>\n          <\/div>\n        <\/div>\n      <\/div>\n      <span class=\"u-file-icon u-flip-horizontal u-flip-vertical u-hidden-sm u-hidden-xs u-icon u-text-custom-color-1 u-icon-2\" data-href=\"https:\/\/campingara.eu\/index.php\/kontakt\/#sec-c053\"><img decoding=\"async\" src=\"https:\/\/campingara.eu\/wp-content\/uploads\/2025\/02\/0ff30e89.png\" alt=\"\"><\/span>\n      <img decoding=\"async\" class=\"u-image u-image-contain u-image-default u-image-1\" src=\"https:\/\/campingara.eu\/wp-content\/uploads\/2025\/02\/NtPugcp95U47vVjRrX32UGo2WUU7gzE8bzaqPfijvF9s2yjU.jpeg\" alt=\"\" data-image-width=\"5280\" data-image-height=\"4032\">\n    <\/section>\n    <section class=\"u-clearfix u-gradient u-section-3\" id=\"sec-c053\">\n      <div class=\"u-clearfix u-sheet u-valign-middle-lg u-valign-middle-xl u-sheet-1\">\n        <div class=\"u-expanded-width u-list u-list-1\">\n          <div class=\"u-repeater u-repeater-1\">\n            <div class=\"u-container-style u-list-item u-repeater-item\">\n              <div class=\"u-container-layout u-similar-container u-container-layout-1\">\n                <div class=\"u-container-align-center-md u-container-align-center-sm u-container-style u-expanded-width-md u-expanded-width-sm u-expanded-width-xs u-group u-palette-2-base u-radius u-shape-round u-group-1\">\n                  <div class=\"u-container-layout u-valign-middle-xs u-container-layout-2\">\n                    <span class=\"u-file-icon u-icon u-icon-circle u-text-palette-2-base u-white u-icon-1\"><img decoding=\"async\" src=\"https:\/\/campingara.eu\/wp-content\/uploads\/2025\/02\/4030dd3f.png\" alt=\"\"><\/span>\n                    <h6 class=\"u-text u-text-default u-text-white u-text-1\">Telefon<br style=\"\">\n                    <\/h6>\n                    <h5 class=\"u-align-center u-text u-text-default u-text-2\">\n                      <a class=\"u-active-none u-border-none u-btn u-button-link u-button-style u-hover-none u-none u-text-white u-btn-1\" href=\"tel:664430945\"> +48 \u200b664 430 945<\/a>\n                    <\/h5>\n                  <\/div>\n                <\/div>\n              <\/div>\n            <\/div>\n            <div class=\"u-container-style u-list-item u-repeater-item\">\n              <div class=\"u-container-layout u-similar-container u-container-layout-3\">\n                <div class=\"u-container-style u-expanded-width-md u-expanded-width-sm u-expanded-width-xs u-group u-palette-2-base u-radius u-shape-round u-group-2\">\n                  <div class=\"u-container-layout u-valign-middle-xs u-container-layout-4\">\n                    <span class=\"u-file-icon u-icon u-icon-circle u-text-palette-2-base u-white u-icon-2\"><img decoding=\"async\" src=\"https:\/\/campingara.eu\/wp-content\/uploads\/2025\/02\/aadfde87.png\" alt=\"\"><\/span>\n                    <h6 class=\"u-text u-text-default u-text-white u-text-3\">Mail<\/h6>\n                    <h5 class=\"u-align-center u-text u-text-default u-text-4\">\n                      <a class=\"u-active-none u-border-none u-btn u-button-link u-button-style u-hover-none u-none u-text-grey-5 u-btn-2\" href=\"mailto:info@campingara.eu\">info@campingara.eu<\/a>\n                    <\/h5>\n                  <\/div>\n                <\/div>\n              <\/div>\n            <\/div>\n            <div class=\"u-container-style u-list-item u-repeater-item\">\n              <div class=\"u-container-layout u-similar-container u-container-layout-5\">\n                <div class=\"u-container-style u-expanded-width-md u-expanded-width-sm u-expanded-width-xs u-group u-palette-2-base u-radius u-shape-round u-group-3\">\n                  <div class=\"u-container-layout u-valign-middle-xs u-container-layout-6\">\n                    <span class=\"u-file-icon u-icon u-icon-circle u-text-palette-2-base u-white u-icon-3\"><img decoding=\"async\" src=\"https:\/\/campingara.eu\/wp-content\/uploads\/2025\/02\/b1e53058.png\" alt=\"\"><\/span>\n                    <h6 class=\"u-text u-text-default u-text-white u-text-5\">Adres <\/h6>\n                    <h5 class=\"u-align-center u-text u-text-default u-text-6\">\n                      <a class=\"u-active-none u-border-none u-btn u-button-link u-button-style u-hover-none u-none u-text-white u-btn-3\" href=\"https:\/\/www.google.com\/maps\/dir\/\/Pla%C5%BCowa+9,+76-032+Mielenko\/@54.2528827,15.9386532,20318m\/data=!3m1!1e3!4m8!4m7!1m0!1m5!1m1!1s0x47002f638de64c89:0xe180aacf7cb6a403!2m2!1d16.0210543!2d54.2529079?entry=ttu&amp;g_ep=EgoyMDI1MDIxMi4wIKXMDSoASAFQAw%3D%3D\" target=\"_blank\">Camping ARA<br>ul. Pla\u017cowa 9<br>76-032 Mielenko\n                      <\/a>\n                    <\/h5>\n                  <\/div>\n                <\/div>\n              <\/div>\n            <\/div>\n          <\/div>\n        <\/div>\n      <\/div>\n    <\/section>\n    <section class=\"u-clearfix u-section-4\" id=\"sec-2cdc\">\n      <div class=\"u-clearfix u-sheet u-valign-top-md u-valign-top-sm u-valign-top-xs u-sheet-1\">\n        <div class=\"data-layout-selected u-clearfix u-expanded-width u-gutter-30 u-layout-wrap u-layout-wrap-1\">\n          <div class=\"u-layout\">\n            <div class=\"u-layout-row\">\n              <div class=\"u-container-style u-image u-image-round u-layout-cell u-radius u-shape-rectangle u-size-30 u-image-1\" data-image-width=\"1500\" data-image-height=\"1000\" style=\"background-image: url(&quot;https:\/\/campingara.eu\/wp-content\/uploads\/2025\/02\/K1qPaEK0I1JpULkyOEWK1DPj1vogv7UzFvQ56hztPszdwMlOs6q3m7djQhCY.jpeg&quot;);\">\n                <div class=\"u-container-layout u-container-layout-1\"><\/div>\n              <\/div>\n              <div class=\"u-container-style u-layout-cell u-palette-2-light-1 u-radius u-shape-round u-size-30 u-layout-cell-2\">\n                <div class=\"u-container-layout u-container-layout-2\">\n                  <h2 class=\"u-text u-text-body-alt-color u-text-default u-text-1\">Masz pytanie?Napisz do nas<\/h2>\n                  <div class=\"u-clearfix u-expanded-width u-group-elements u-group-elements-1\">\n                    <div class=\"u-container-style u-expanded-width u-group u-radius u-white u-group-1\">\n                      <div class=\"u-container-layout u-container-layout-3\">\n                        <div class=\"custom-expanded u-clearfix u-custom-html u-custom-html-1\"><style id=\"wpforms-css-vars-209\">\n\t\t\t\t#wpforms-209 {\n\t\t\t\t\n\t\t\t}\n\t\t\t<\/style><div class=\"wpforms-container wpforms-container-full wpforms-render-modern\" id=\"wpforms-209\"><form id=\"wpforms-form-209\" class=\"wpforms-validate wpforms-form wpforms-ajax-form\" data-formid=\"209\" method=\"post\" enctype=\"multipart\/form-data\" action=\"\/index.php\/wp-json\/wp\/v2\/pages\/95\" data-token=\"60219b92bdca876418eba20a8f6e6eb5\" data-token-time=\"1778059818\"><noscript class=\"wpforms-error-noscript\">Aby wype\u0142ni\u0107 ten formularz, w\u0142\u0105cz obs\u0142ug\u0119 JavaScript w przegl\u0105darce.<\/noscript><div id=\"wpforms-error-noscript\" style=\"display: none;\">Aby wype\u0142ni\u0107 ten formularz, w\u0142\u0105cz obs\u0142ug\u0119 JavaScript w przegl\u0105darce.<\/div><div class=\"wpforms-field-container\"><div id=\"wpforms-209-field_4-container\" class=\"wpforms-field wpforms-field-text\" data-field-id=\"4\"><label class=\"wpforms-field-label\" for=\"wpforms-209-field_4\">Imi\u0119 i nazwisko <span class=\"wpforms-required-label\" aria-hidden=\"true\">*<\/span><\/label><input type=\"text\" id=\"wpforms-209-field_4\" class=\"wpforms-field-large wpforms-field-required\" name=\"wpforms[fields][4]\" aria-errormessage=\"wpforms-209-field_4-error\" required><\/div>\t\t<div id=\"wpforms-209-field_1-container\"\n\t\t\tclass=\"wpforms-field wpforms-field-text\"\n\t\t\tdata-field-type=\"text\"\n\t\t\tdata-field-id=\"1\"\n\t\t\t>\n\t\t\t<label class=\"wpforms-field-label\" for=\"wpforms-209-field_1\" >Imi\u0119 e-mail nazwisko<\/label>\n\t\t\t<input type=\"text\" id=\"wpforms-209-field_1\" class=\"wpforms-field-medium\" name=\"wpforms[fields][1]\" >\n\t\t<\/div>\n\t\t<div id=\"wpforms-209-field_2-container\" class=\"wpforms-field wpforms-field-email\" data-field-id=\"2\"><label class=\"wpforms-field-label\" for=\"wpforms-209-field_2\">Adres e-mail <span class=\"wpforms-required-label\" aria-hidden=\"true\">*<\/span><\/label><input type=\"email\" id=\"wpforms-209-field_2\" class=\"wpforms-field-large wpforms-field-required\" name=\"wpforms[fields][2]\" spellcheck=\"false\" aria-errormessage=\"wpforms-209-field_2-error\" required><\/div><div id=\"wpforms-209-field_3-container\" class=\"wpforms-field wpforms-field-text\" data-field-id=\"3\"><label class=\"wpforms-field-label\" for=\"wpforms-209-field_3\">Wiadomo\u015b\u0107 <span class=\"wpforms-required-label\" aria-hidden=\"true\">*<\/span><\/label><input type=\"text\" id=\"wpforms-209-field_3\" class=\"wpforms-field-large wpforms-field-required\" name=\"wpforms[fields][3]\" aria-errormessage=\"wpforms-209-field_3-error\" required><\/div><script>\n\t\t\t\t( function() {\n\t\t\t\t\tconst style = document.createElement( 'style' );\n\t\t\t\t\tstyle.appendChild( document.createTextNode( '#wpforms-209-field_1-container { position: absolute !important; overflow: hidden !important; display: inline !important; height: 1px !important; width: 1px !important; z-index: -1000 !important; padding: 0 !important; } #wpforms-209-field_1-container input { visibility: hidden; } #wpforms-conversational-form-page #wpforms-209-field_1-container label { counter-increment: none; }' ) );\n\t\t\t\t\tdocument.head.appendChild( style );\n\t\t\t\t\tdocument.currentScript?.remove();\n\t\t\t\t} )();\n\t\t\t<\/script><\/div><!-- .wpforms-field-container --><div class=\"wpforms-submit-container\" ><input type=\"hidden\" name=\"wpforms[id]\" value=\"209\"><input type=\"hidden\" name=\"page_title\" value=\"\"><input type=\"hidden\" name=\"page_url\" value=\"https:\/\/campingara.eu\/index.php\/wp-json\/wp\/v2\/pages\/95\"><input type=\"hidden\" name=\"url_referer\" value=\"\"><button type=\"submit\" name=\"wpforms[submit]\" id=\"wpforms-submit-209\" class=\"wpforms-submit\" data-alt-text=\"Wysy\u0142anie...\" data-submit-text=\"Prze\u015blij\" aria-live=\"assertive\" value=\"wpforms-submit\">Prze\u015blij<\/button><img loading=\"lazy\" decoding=\"async\" src=\"https:\/\/campingara.eu\/wp-content\/plugins\/wpforms-lite\/assets\/images\/submit-spin.svg\" class=\"wpforms-submit-spinner\" style=\"display: none;\" width=\"26\" height=\"26\" alt=\"Wczytywanie\"><\/div><\/form><\/div>  <!-- .wpforms-container --><\/div>\n                      <\/div>\n                    <\/div>\n                  <\/div>\n                <\/div>\n              <\/div>\n            <\/div>\n          <\/div>\n        <\/div>\n      <\/div>\n    <\/section>\n    \n    \n    \n    \n  \n","protected":false},"excerpt":{"rendered":"<p>Skontaktuj si\u0119 z nami i zaplanuj swoje wakacje!&nbsp;&nbsp; &nbsp;Zarezerwuj pobyt Telefon +48 \u200b664 430 945 Mail info@campingara.eu Adres Camping ARAul. Pla\u017cowa 976-032 Mielenko Masz pytanie?Napisz do nas Aby wype\u0142ni\u0107 ten formularz, w\u0142\u0105cz obs\u0142ug\u0119 JavaScript w przegl\u0105darce.Aby wype\u0142ni\u0107 ten formularz, w\u0142\u0105cz obs\u0142ug\u0119 JavaScript w przegl\u0105darce.Imi\u0119 i nazwisko *Adres e-mail * i nazwisko Imi\u0119 Wiadomo\u015b\u0107 *Prze\u015blij<\/p>\n","protected":false},"author":1,"featured_media":0,"parent":0,"menu_order":2,"comment_status":"closed","ping_status":"closed","template":"","meta":{"footnotes":""},"class_list":["post-95","page","type-page","status-publish","hentry"],"yoast_head":"<!-- This site is optimized with the Yoast SEO plugin v26.4 - https:\/\/yoast.com\/wordpress\/plugins\/seo\/ -->\n<title>Kontakt - Camping Ara<\/title>\n<meta name=\"robots\" content=\"index, follow, max-snippet:-1, max-image-preview:large, max-video-preview:-1\" \/>\n<link rel=\"canonical\" href=\"https:\/\/campingara.eu\/index.php\/kontakt\/\" \/>\n<meta property=\"og:locale\" content=\"pl_PL\" \/>\n<meta property=\"og:type\" content=\"article\" \/>\n<meta property=\"og:title\" content=\"Kontakt - Camping Ara\" \/>\n<meta property=\"og:description\" content=\"Skontaktuj si\u0119 z nami i zaplanuj swoje wakacje!&nbsp;&nbsp; &nbsp;Zarezerwuj pobyt Telefon +48 \u200b664 430 945 Mail info@campingara.eu Adres Camping ARAul. Pla\u017cowa 976-032 Mielenko Masz pytanie?Napisz do nas Aby wype\u0142ni\u0107 ten formularz, w\u0142\u0105cz obs\u0142ug\u0119 JavaScript w przegl\u0105darce.Aby wype\u0142ni\u0107 ten formularz, w\u0142\u0105cz obs\u0142ug\u0119 JavaScript w przegl\u0105darce.Imi\u0119 i nazwisko * nazwisko i Imi\u0119 Adres e-mail *Wiadomo\u015b\u0107 *Prze\u015blij\" \/>\n<meta property=\"og:url\" content=\"https:\/\/campingara.eu\/index.php\/kontakt\/\" \/>\n<meta property=\"og:site_name\" content=\"Camping Ara\" \/>\n<meta property=\"article:publisher\" content=\"https:\/\/www.facebook.com\/campingara.eu\/\" \/>\n<meta property=\"article:modified_time\" content=\"2025-02-27T16:47:06+00:00\" \/>\n<meta name=\"twitter:card\" content=\"summary_large_image\" \/>\n<script type=\"application\/ld+json\" class=\"yoast-schema-graph\">{\"@context\":\"https:\/\/schema.org\",\"@graph\":[{\"@type\":\"WebPage\",\"@id\":\"https:\/\/campingara.eu\/index.php\/kontakt\/\",\"url\":\"https:\/\/campingara.eu\/index.php\/kontakt\/\",\"name\":\"Kontakt - Camping Ara\",\"isPartOf\":{\"@id\":\"https:\/\/campingara.eu\/#website\"},\"datePublished\":\"2025-02-16T19:20:02+00:00\",\"dateModified\":\"2025-02-27T16:47:06+00:00\",\"breadcrumb\":{\"@id\":\"https:\/\/campingara.eu\/index.php\/kontakt\/#breadcrumb\"},\"inLanguage\":\"pl-PL\",\"potentialAction\":[{\"@type\":\"ReadAction\",\"target\":[\"https:\/\/campingara.eu\/index.php\/kontakt\/\"]}]},{\"@type\":\"BreadcrumbList\",\"@id\":\"https:\/\/campingara.eu\/index.php\/kontakt\/#breadcrumb\",\"itemListElement\":[{\"@type\":\"ListItem\",\"position\":1,\"name\":\"Strona g\u0142\u00f3wna\",\"item\":\"https:\/\/campingara.eu\/\"},{\"@type\":\"ListItem\",\"position\":2,\"name\":\"Kontakt\"}]},{\"@type\":\"WebSite\",\"@id\":\"https:\/\/campingara.eu\/#website\",\"url\":\"https:\/\/campingara.eu\/\",\"name\":\"Camping Ara\",\"description\":\"\",\"publisher\":{\"@id\":\"https:\/\/campingara.eu\/#organization\"},\"potentialAction\":[{\"@type\":\"SearchAction\",\"target\":{\"@type\":\"EntryPoint\",\"urlTemplate\":\"https:\/\/campingara.eu\/?s={search_term_string}\"},\"query-input\":{\"@type\":\"PropertyValueSpecification\",\"valueRequired\":true,\"valueName\":\"search_term_string\"}}],\"inLanguage\":\"pl-PL\"},{\"@type\":\"Organization\",\"@id\":\"https:\/\/campingara.eu\/#organization\",\"name\":\"Camping Ara\",\"url\":\"https:\/\/campingara.eu\/\",\"logo\":{\"@type\":\"ImageObject\",\"inLanguage\":\"pl-PL\",\"@id\":\"https:\/\/campingara.eu\/#\/schema\/logo\/image\/\",\"url\":\"https:\/\/campingara.eu\/wp-content\/uploads\/2025\/02\/logo-9-79-1.png\",\"contentUrl\":\"https:\/\/campingara.eu\/wp-content\/uploads\/2025\/02\/logo-9-79-1.png\",\"width\":120,\"height\":86,\"caption\":\"Camping Ara\"},\"image\":{\"@id\":\"https:\/\/campingara.eu\/#\/schema\/logo\/image\/\"},\"sameAs\":[\"https:\/\/www.facebook.com\/campingara.eu\/\",\"https:\/\/www.instagram.com\/campingara\"]}]}<\/script>\n<!-- \/ Yoast SEO plugin. -->","yoast_head_json":{"title":"Kontakt - Camping Ara","robots":{"index":"index","follow":"follow","max-snippet":"max-snippet:-1","max-image-preview":"max-image-preview:large","max-video-preview":"max-video-preview:-1"},"canonical":"https:\/\/campingara.eu\/index.php\/kontakt\/","og_locale":"pl_PL","og_type":"article","og_title":"Kontakt - Camping Ara","og_description":"Skontaktuj si\u0119 z nami i zaplanuj swoje wakacje!&nbsp;&nbsp; &nbsp;Zarezerwuj pobyt Telefon +48 \u200b664 430 945 Mail info@campingara.eu Adres Camping ARAul. Pla\u017cowa 976-032 Mielenko Masz pytanie?Napisz do nas Aby wype\u0142ni\u0107 ten formularz, w\u0142\u0105cz obs\u0142ug\u0119 JavaScript w przegl\u0105darce.Aby wype\u0142ni\u0107 ten formularz, w\u0142\u0105cz obs\u0142ug\u0119 JavaScript w przegl\u0105darce.Imi\u0119 i nazwisko * nazwisko i Imi\u0119 Adres e-mail *Wiadomo\u015b\u0107 *Prze\u015blij","og_url":"https:\/\/campingara.eu\/index.php\/kontakt\/","og_site_name":"Camping Ara","article_publisher":"https:\/\/www.facebook.com\/campingara.eu\/","article_modified_time":"2025-02-27T16:47:06+00:00","twitter_card":"summary_large_image","schema":{"@context":"https:\/\/schema.org","@graph":[{"@type":"WebPage","@id":"https:\/\/campingara.eu\/index.php\/kontakt\/","url":"https:\/\/campingara.eu\/index.php\/kontakt\/","name":"Kontakt - Camping Ara","isPartOf":{"@id":"https:\/\/campingara.eu\/#website"},"datePublished":"2025-02-16T19:20:02+00:00","dateModified":"2025-02-27T16:47:06+00:00","breadcrumb":{"@id":"https:\/\/campingara.eu\/index.php\/kontakt\/#breadcrumb"},"inLanguage":"pl-PL","potentialAction":[{"@type":"ReadAction","target":["https:\/\/campingara.eu\/index.php\/kontakt\/"]}]},{"@type":"BreadcrumbList","@id":"https:\/\/campingara.eu\/index.php\/kontakt\/#breadcrumb","itemListElement":[{"@type":"ListItem","position":1,"name":"Strona g\u0142\u00f3wna","item":"https:\/\/campingara.eu\/"},{"@type":"ListItem","position":2,"name":"Kontakt"}]},{"@type":"WebSite","@id":"https:\/\/campingara.eu\/#website","url":"https:\/\/campingara.eu\/","name":"Camping Ara","description":"","publisher":{"@id":"https:\/\/campingara.eu\/#organization"},"potentialAction":[{"@type":"SearchAction","target":{"@type":"EntryPoint","urlTemplate":"https:\/\/campingara.eu\/?s={search_term_string}"},"query-input":{"@type":"PropertyValueSpecification","valueRequired":true,"valueName":"search_term_string"}}],"inLanguage":"pl-PL"},{"@type":"Organization","@id":"https:\/\/campingara.eu\/#organization","name":"Camping Ara","url":"https:\/\/campingara.eu\/","logo":{"@type":"ImageObject","inLanguage":"pl-PL","@id":"https:\/\/campingara.eu\/#\/schema\/logo\/image\/","url":"https:\/\/campingara.eu\/wp-content\/uploads\/2025\/02\/logo-9-79-1.png","contentUrl":"https:\/\/campingara.eu\/wp-content\/uploads\/2025\/02\/logo-9-79-1.png","width":120,"height":86,"caption":"Camping Ara"},"image":{"@id":"https:\/\/campingara.eu\/#\/schema\/logo\/image\/"},"sameAs":["https:\/\/www.facebook.com\/campingara.eu\/","https:\/\/www.instagram.com\/campingara"]}]}},"_links":{"self":[{"href":"https:\/\/campingara.eu\/index.php\/wp-json\/wp\/v2\/pages\/95","targetHints":{"allow":["GET"]}}],"collection":[{"href":"https:\/\/campingara.eu\/index.php\/wp-json\/wp\/v2\/pages"}],"about":[{"href":"https:\/\/campingara.eu\/index.php\/wp-json\/wp\/v2\/types\/page"}],"author":[{"embeddable":true,"href":"https:\/\/campingara.eu\/index.php\/wp-json\/wp\/v2\/users\/1"}],"replies":[{"embeddable":true,"href":"https:\/\/campingara.eu\/index.php\/wp-json\/wp\/v2\/comments?post=95"}],"version-history":[{"count":11,"href":"https:\/\/campingara.eu\/index.php\/wp-json\/wp\/v2\/pages\/95\/revisions"}],"predecessor-version":[{"id":243,"href":"https:\/\/campingara.eu\/index.php\/wp-json\/wp\/v2\/pages\/95\/revisions\/243"}],"wp:attachment":[{"href":"https:\/\/campingara.eu\/index.php\/wp-json\/wp\/v2\/media?parent=95"}],"curies":[{"name":"wp","href":"https:\/\/api.w.org\/{rel}","templated":true}]}}